{"id":10,"date":"2018-03-05T18:07:57","date_gmt":"2018-03-05T17:07:57","guid":{"rendered":"https:\/\/philippebalch.com\/architecte\/?page_id=10"},"modified":"2021-12-24T15:46:40","modified_gmt":"2021-12-24T14:46:40","slug":"agence","status":"publish","type":"page","link":"https:\/\/philippebalch.com\/architecte\/agence\/","title":{"rendered":"Agence"},"content":{"rendered":"<div id=\"pl-10\"  class=\"panel-layout\" ><div id=\"pg-10-0\"  class=\"panel-grid panel-no-style\" ><div id=\"pgc-10-0-0\"  class=\"panel-grid-cell\" ><div id=\"panel-10-0-0-0\" class=\"so-panel widget widget_sow-editor panel-first-child panel-last-child\" data-index=\"0\" ><div\n\t\t\t\n\t\t\tclass=\"so-widget-sow-editor so-widget-sow-editor-base\"\n\t\t\t\n\t\t>\n<div class=\"siteorigin-widget-tinymce textwidget\">\n\t<p><img loading=\"lazy\" decoding=\"async\" class=\"aligncenter wp-image-3012 size-full\" src=\"https:\/\/philippebalch.com\/architecte\/wp-content\/uploads\/2021\/12\/agence-2d.jpg\" alt=\"\" width=\"1200\" height=\"600\" srcset=\"https:\/\/philippebalch.com\/architecte\/wp-content\/uploads\/2021\/12\/agence-2d.jpg 1200w, https:\/\/philippebalch.com\/architecte\/wp-content\/uploads\/2021\/12\/agence-2d-300x150.jpg 300w, https:\/\/philippebalch.com\/architecte\/wp-content\/uploads\/2021\/12\/agence-2d-1140x570.jpg 1140w, https:\/\/philippebalch.com\/architecte\/wp-content\/uploads\/2021\/12\/agence-2d-768x384.jpg 768w\" sizes=\"(max-width: 1200px) 100vw, 1200px\" \/><\/p>\n<hr \/>\n<p style=\"text-align: justify;\">Dipl\u00f4m\u00e9 en 1979 de l'Unit\u00e9 P\u00e9dagogique n\u00b08, devenue maintenant Paris Belleville, Philippe Balc'h a compl\u00e9t\u00e9 sa formation dans diff\u00e9rentes agences d'architectures, tant en France qu'aux Etats Unis. Il s'est install\u00e9, d'une mani\u00e8re ind\u00e9pendante en 1992, et a r\u00e9alis\u00e9 depuis de nombreuses op\u00e9rations dans les domaines de l'am\u00e9nagement urbain et paysager, du tertiaire, de l'\u00e9quipement et de l'habitat.<\/p>\n<p style=\"text-align: justify;\">L'agence, qui se revendique artisanale, travaille plus sp\u00e9cifiquement sur la qualit\u00e9 spatiale des lieux, en attachant une attention particuli\u00e8re aux proportions des espaces, \u00e0 leur mises en lumi\u00e8re et \u00e0 la qualit\u00e9 des mat\u00e9riaux qui les constituent. Elle d\u00e9veloppe une architecture contemporaine, faite de clart\u00e9 et de simplicit\u00e9, qui sait se mettre au service des usagers.<\/p>\n<p style=\"text-align: justify;\">Ayant le souci de fid\u00e9liser les bureaux d'\u00e9tudes avec lesquels elle s'associe, l'agence pr\u00e9sente pour chaque op\u00e9ration des \u00e9quipes soud\u00e9es, comp\u00e9tentes et motiv\u00e9es, qui favorisent le dialogue, tout en \u00e9tant capables d'une grande rapidit\u00e9 de d\u00e9cision et de r\u00e9action.<\/p>\n<p style=\"text-align: justify;\">Ces \u00e9quipes exp\u00e9riment\u00e9es, proches de la r\u00e9alit\u00e9 \u00e9conomique du march\u00e9 de la construction, poss\u00e8dent \u00e9galement les connaissances et les comp\u00e9tences qui leurs permettent d'aborder de la fa\u00e7on la plus pragmatique et la plus efficace possible les volets environnementaux de tous types d'op\u00e9rations.<\/p>\n<hr \/>\n<\/div>\n<\/div><\/div><\/div><\/div><\/div>","protected":false},"excerpt":{"rendered":"<p>Dipl\u00f4m\u00e9 en 1979 de l&#8217;Unit\u00e9 P\u00e9dagogique n\u00b08, devenue maintenant Paris Belleville, Philippe Balc&#8217;h a compl\u00e9t\u00e9 sa formation dans diff\u00e9rentes agences d&#8217;architectures, tant en France qu&#8217;aux Etats Unis. Il s&#8217;est install\u00e9, d&#8217;une mani\u00e8re ind\u00e9pendante en 1992, et a r\u00e9alis\u00e9 depuis de nombreuses op\u00e9rations dans les domaines de l&#8217;am\u00e9nagement urbain et paysager, du tertiaire, de l&#8217;\u00e9quipement et&hellip;<\/p>\n","protected":false},"author":1,"featured_media":1644,"parent":0,"menu_order":1,"comment_status":"closed","ping_status":"closed","template":"","meta":{"footnotes":""},"yoast_head":"<!-- This site is optimized with the Yoast SEO plugin v23.5 - https:\/\/yoast.com\/wordpress\/plugins\/seo\/ -->\n<title>Agence -<\/title>\n<meta name=\"robots\" content=\"index, follow, max-snippet:-1, max-image-preview:large, max-video-preview:-1\" \/>\n<link rel=\"canonical\" href=\"https:\/\/philippebalch.com\/architecte\/agence\/\" \/>\n<meta property=\"og:locale\" content=\"fr_FR\" \/>\n<meta property=\"og:type\" content=\"article\" \/>\n<meta property=\"og:title\" content=\"Agence -\" \/>\n<meta property=\"og:description\" content=\"Dipl\u00f4m\u00e9 en 1979 de l&#039;Unit\u00e9 P\u00e9dagogique n\u00b08, devenue maintenant Paris Belleville, Philippe Balc&#039;h a compl\u00e9t\u00e9 sa formation dans diff\u00e9rentes agences d&#039;architectures, tant en France qu&#039;aux Etats Unis. Il s&#039;est install\u00e9, d&#039;une mani\u00e8re ind\u00e9pendante en 1992, et a r\u00e9alis\u00e9 depuis de nombreuses op\u00e9rations dans les domaines de l&#039;am\u00e9nagement urbain et paysager, du tertiaire, de l&#039;\u00e9quipement et&hellip;\" \/>\n<meta property=\"og:url\" content=\"https:\/\/philippebalch.com\/architecte\/agence\/\" \/>\n<meta property=\"article:modified_time\" content=\"2021-12-24T14:46:40+00:00\" \/>\n<meta property=\"og:image\" content=\"https:\/\/philippebalch.com\/architecte\/wp-content\/uploads\/2018\/03\/agence.jpg\" \/>\n\t<meta property=\"og:image:width\" content=\"1200\" \/>\n\t<meta property=\"og:image:height\" content=\"600\" \/>\n\t<meta property=\"og:image:type\" content=\"image\/jpeg\" \/>\n<meta name=\"twitter:card\" content=\"summary_large_image\" \/>\n<meta name=\"twitter:label1\" content=\"Dur\u00e9e de lecture estim\u00e9e\" \/>\n\t<meta name=\"twitter:data1\" content=\"1 minute\" \/>\n<script type=\"application\/ld+json\" class=\"yoast-schema-graph\">{\"@context\":\"https:\/\/schema.org\",\"@graph\":[{\"@type\":\"WebPage\",\"@id\":\"https:\/\/philippebalch.com\/architecte\/agence\/\",\"url\":\"https:\/\/philippebalch.com\/architecte\/agence\/\",\"name\":\"Agence -\",\"isPartOf\":{\"@id\":\"https:\/\/philippebalch.com\/architecte\/#website\"},\"primaryImageOfPage\":{\"@id\":\"https:\/\/philippebalch.com\/architecte\/agence\/#primaryimage\"},\"image\":{\"@id\":\"https:\/\/philippebalch.com\/architecte\/agence\/#primaryimage\"},\"thumbnailUrl\":\"https:\/\/philippebalch.com\/architecte\/wp-content\/uploads\/2018\/03\/agence.jpg\",\"datePublished\":\"2018-03-05T17:07:57+00:00\",\"dateModified\":\"2021-12-24T14:46:40+00:00\",\"breadcrumb\":{\"@id\":\"https:\/\/philippebalch.com\/architecte\/agence\/#breadcrumb\"},\"inLanguage\":\"fr-FR\",\"potentialAction\":[{\"@type\":\"ReadAction\",\"target\":[\"https:\/\/philippebalch.com\/architecte\/agence\/\"]}]},{\"@type\":\"ImageObject\",\"inLanguage\":\"fr-FR\",\"@id\":\"https:\/\/philippebalch.com\/architecte\/agence\/#primaryimage\",\"url\":\"https:\/\/philippebalch.com\/architecte\/wp-content\/uploads\/2018\/03\/agence.jpg\",\"contentUrl\":\"https:\/\/philippebalch.com\/architecte\/wp-content\/uploads\/2018\/03\/agence.jpg\",\"width\":1200,\"height\":600},{\"@type\":\"BreadcrumbList\",\"@id\":\"https:\/\/philippebalch.com\/architecte\/agence\/#breadcrumb\",\"itemListElement\":[{\"@type\":\"ListItem\",\"position\":1,\"name\":\"Accueil\",\"item\":\"https:\/\/philippebalch.com\/architecte\/\"},{\"@type\":\"ListItem\",\"position\":2,\"name\":\"Agence\"}]},{\"@type\":\"WebSite\",\"@id\":\"https:\/\/philippebalch.com\/architecte\/#website\",\"url\":\"https:\/\/philippebalch.com\/architecte\/\",\"name\":\"Philippe Balc&#039;h\",\"description\":\"\",\"publisher\":{\"@id\":\"https:\/\/philippebalch.com\/architecte\/#organization\"},\"potentialAction\":[{\"@type\":\"SearchAction\",\"target\":{\"@type\":\"EntryPoint\",\"urlTemplate\":\"https:\/\/philippebalch.com\/architecte\/?s={search_term_string}\"},\"query-input\":{\"@type\":\"PropertyValueSpecification\",\"valueRequired\":true,\"valueName\":\"search_term_string\"}}],\"inLanguage\":\"fr-FR\"},{\"@type\":\"Organization\",\"@id\":\"https:\/\/philippebalch.com\/architecte\/#organization\",\"name\":\"Philippe Balc'h Architecte dplg\",\"url\":\"https:\/\/philippebalch.com\/architecte\/\",\"logo\":{\"@type\":\"ImageObject\",\"inLanguage\":\"fr-FR\",\"@id\":\"https:\/\/philippebalch.com\/architecte\/#\/schema\/logo\/image\/\",\"url\":\"https:\/\/philippebalch.com\/architecte\/wp-content\/uploads\/2018\/03\/logo.jpg\",\"contentUrl\":\"https:\/\/philippebalch.com\/architecte\/wp-content\/uploads\/2018\/03\/logo.jpg\",\"width\":231,\"height\":83,\"caption\":\"Philippe Balc'h Architecte dplg\"},\"image\":{\"@id\":\"https:\/\/philippebalch.com\/architecte\/#\/schema\/logo\/image\/\"}}]}<\/script>\n<!-- \/ Yoast SEO plugin. -->","yoast_head_json":{"title":"Agence -","robots":{"index":"index","follow":"follow","max-snippet":"max-snippet:-1","max-image-preview":"max-image-preview:large","max-video-preview":"max-video-preview:-1"},"canonical":"https:\/\/philippebalch.com\/architecte\/agence\/","og_locale":"fr_FR","og_type":"article","og_title":"Agence -","og_description":"Dipl\u00f4m\u00e9 en 1979 de l'Unit\u00e9 P\u00e9dagogique n\u00b08, devenue maintenant Paris Belleville, Philippe Balc'h a compl\u00e9t\u00e9 sa formation dans diff\u00e9rentes agences d'architectures, tant en France qu'aux Etats Unis. Il s'est install\u00e9, d'une mani\u00e8re ind\u00e9pendante en 1992, et a r\u00e9alis\u00e9 depuis de nombreuses op\u00e9rations dans les domaines de l'am\u00e9nagement urbain et paysager, du tertiaire, de l'\u00e9quipement et&hellip;","og_url":"https:\/\/philippebalch.com\/architecte\/agence\/","article_modified_time":"2021-12-24T14:46:40+00:00","og_image":[{"width":1200,"height":600,"url":"https:\/\/philippebalch.com\/architecte\/wp-content\/uploads\/2018\/03\/agence.jpg","type":"image\/jpeg"}],"twitter_card":"summary_large_image","twitter_misc":{"Dur\u00e9e de lecture estim\u00e9e":"1 minute"},"schema":{"@context":"https:\/\/schema.org","@graph":[{"@type":"WebPage","@id":"https:\/\/philippebalch.com\/architecte\/agence\/","url":"https:\/\/philippebalch.com\/architecte\/agence\/","name":"Agence -","isPartOf":{"@id":"https:\/\/philippebalch.com\/architecte\/#website"},"primaryImageOfPage":{"@id":"https:\/\/philippebalch.com\/architecte\/agence\/#primaryimage"},"image":{"@id":"https:\/\/philippebalch.com\/architecte\/agence\/#primaryimage"},"thumbnailUrl":"https:\/\/philippebalch.com\/architecte\/wp-content\/uploads\/2018\/03\/agence.jpg","datePublished":"2018-03-05T17:07:57+00:00","dateModified":"2021-12-24T14:46:40+00:00","breadcrumb":{"@id":"https:\/\/philippebalch.com\/architecte\/agence\/#breadcrumb"},"inLanguage":"fr-FR","potentialAction":[{"@type":"ReadAction","target":["https:\/\/philippebalch.com\/architecte\/agence\/"]}]},{"@type":"ImageObject","inLanguage":"fr-FR","@id":"https:\/\/philippebalch.com\/architecte\/agence\/#primaryimage","url":"https:\/\/philippebalch.com\/architecte\/wp-content\/uploads\/2018\/03\/agence.jpg","contentUrl":"https:\/\/philippebalch.com\/architecte\/wp-content\/uploads\/2018\/03\/agence.jpg","width":1200,"height":600},{"@type":"BreadcrumbList","@id":"https:\/\/philippebalch.com\/architecte\/agence\/#breadcrumb","itemListElement":[{"@type":"ListItem","position":1,"name":"Accueil","item":"https:\/\/philippebalch.com\/architecte\/"},{"@type":"ListItem","position":2,"name":"Agence"}]},{"@type":"WebSite","@id":"https:\/\/philippebalch.com\/architecte\/#website","url":"https:\/\/philippebalch.com\/architecte\/","name":"Philippe Balc&#039;h","description":"","publisher":{"@id":"https:\/\/philippebalch.com\/architecte\/#organization"},"potentialAction":[{"@type":"SearchAction","target":{"@type":"EntryPoint","urlTemplate":"https:\/\/philippebalch.com\/architecte\/?s={search_term_string}"},"query-input":{"@type":"PropertyValueSpecification","valueRequired":true,"valueName":"search_term_string"}}],"inLanguage":"fr-FR"},{"@type":"Organization","@id":"https:\/\/philippebalch.com\/architecte\/#organization","name":"Philippe Balc'h Architecte dplg","url":"https:\/\/philippebalch.com\/architecte\/","logo":{"@type":"ImageObject","inLanguage":"fr-FR","@id":"https:\/\/philippebalch.com\/architecte\/#\/schema\/logo\/image\/","url":"https:\/\/philippebalch.com\/architecte\/wp-content\/uploads\/2018\/03\/logo.jpg","contentUrl":"https:\/\/philippebalch.com\/architecte\/wp-content\/uploads\/2018\/03\/logo.jpg","width":231,"height":83,"caption":"Philippe Balc'h Architecte dplg"},"image":{"@id":"https:\/\/philippebalch.com\/architecte\/#\/schema\/logo\/image\/"}}]}},"_links":{"self":[{"href":"https:\/\/philippebalch.com\/architecte\/wp-json\/wp\/v2\/pages\/10"}],"collection":[{"href":"https:\/\/philippebalch.com\/architecte\/wp-json\/wp\/v2\/pages"}],"about":[{"href":"https:\/\/philippebalch.com\/architecte\/wp-json\/wp\/v2\/types\/page"}],"author":[{"embeddable":true,"href":"https:\/\/philippebalch.com\/architecte\/wp-json\/wp\/v2\/users\/1"}],"replies":[{"embeddable":true,"href":"https:\/\/philippebalch.com\/architecte\/wp-json\/wp\/v2\/comments?post=10"}],"version-history":[{"count":1,"href":"https:\/\/philippebalch.com\/architecte\/wp-json\/wp\/v2\/pages\/10\/revisions"}],"predecessor-version":[{"id":3013,"href":"https:\/\/philippebalch.com\/architecte\/wp-json\/wp\/v2\/pages\/10\/revisions\/3013"}],"wp:featuredmedia":[{"embeddable":true,"href":"https:\/\/philippebalch.com\/architecte\/wp-json\/wp\/v2\/media\/1644"}],"wp:attachment":[{"href":"https:\/\/philippebalch.com\/architecte\/wp-json\/wp\/v2\/media?parent=10"}],"curies":[{"name":"wp","href":"https:\/\/api.w.org\/{rel}","templated":true}]}}